{"id":11,"date":"2020-10-27T07:52:09","date_gmt":"2020-10-27T07:52:09","guid":{"rendered":"https:\/\/demo.divi-pixel.com\/barbershop\/?page_id=11"},"modified":"2025-04-10T20:06:50","modified_gmt":"2025-04-10T18:06:50","slug":"ueber-uns","status":"publish","type":"page","link":"https:\/\/saengerzunft.de\/?page_id=11","title":{"rendered":"\u00dcber uns"},"content":{"rendered":"<p>[et_pb_section fb_built=&#8220;1&#8243; fullwidth=&#8220;on&#8220; _builder_version=&#8220;4.16&#8243; _module_preset=&#8220;default&#8220; global_colors_info=&#8220;{}&#8220;][et_pb_fullwidth_header title=&#8220;\u00dcber uns&#8220; background_overlay_color=&#8220;RGBA(255,255,255,0)&#8220; _builder_version=&#8220;4.23.1&#8243; _module_preset=&#8220;default&#8220; title_text_align=&#8220;center&#8220; background_enable_color=&#8220;off&#8220; background_image=&#8220;https:\/\/saengerzunft.de\/wp-content\/uploads\/2024\/03\/Saengerzunft_Header.jpg&#8220; custom_padding=&#8220;150px||120px||false|false&#8220; global_colors_info=&#8220;{}&#8220;][\/et_pb_fullwidth_header][\/et_pb_section][et_pb_section fb_built=&#8220;1&#8243; _builder_version=&#8220;4.16&#8243; _module_preset=&#8220;default&#8220; background_color=&#8220;rgba(0,0,0,0)&#8220; custom_padding=&#8220;0px||0px||true|false&#8220; locked=&#8220;off&#8220; global_colors_info=&#8220;{}&#8220;][et_pb_row _builder_version=&#8220;4.16&#8243; _module_preset=&#8220;default&#8220; background_color=&#8220;rgba(0,0,0,0)&#8220; background_image=&#8220;https:\/\/saengerzunft.de\/wp-content\/uploads\/2020\/10\/white-divider2.png&#8220; background_position=&#8220;bottom_center&#8220; background_repeat=&#8220;repeat-x&#8220; z_index=&#8220;2&#8243; width=&#8220;100%&#8220; max_width=&#8220;100%&#8220; custom_margin=&#8220;-95px||||false|false&#8220; global_colors_info=&#8220;{}&#8220;][et_pb_column type=&#8220;4_4&#8243; _builder_version=&#8220;4.16&#8243; _module_preset=&#8220;default&#8220; global_colors_info=&#8220;{}&#8220;][et_pb_divider show_divider=&#8220;off&#8220; module_class=&#8220;divider-bottom&#8220; _builder_version=&#8220;4.23.1&#8243; _module_preset=&#8220;default&#8220; custom_padding=&#8220;24px||||false|false&#8220; global_colors_info=&#8220;{}&#8220;][\/et_pb_divider][\/et_pb_column][\/et_pb_row][\/et_pb_section][et_pb_section fb_built=&#8220;1&#8243; _builder_version=&#8220;4.23.1&#8243; _module_preset=&#8220;default&#8220; background_image=&#8220;https:\/\/saengerzunft.de\/wp-content\/uploads\/2020\/10\/white-paint-patterns.jpg&#8220; background_size=&#8220;initial&#8220; background_repeat=&#8220;repeat&#8220; custom_padding=&#8220;120px||120px||true|false&#8220; locked=&#8220;off&#8220; global_colors_info=&#8220;{}&#8220;][et_pb_row column_structure=&#8220;1_2,1_2&#8243; make_equal=&#8220;on&#8220; _builder_version=&#8220;4.23.1&#8243; _module_preset=&#8220;default&#8220; hover_enabled=&#8220;0&#8243; global_colors_info=&#8220;{}&#8220; sticky_enabled=&#8220;0&#8243;][et_pb_column type=&#8220;1_2&#8243; _builder_version=&#8220;4.23.1&#8243; _module_preset=&#8220;default&#8220; background_image=&#8220;https:\/\/saengerzunft.de\/wp-content\/uploads\/2024\/04\/cropped-Saengerzunft_logo.png&#8220; hover_enabled=&#8220;0&#8243; global_colors_info=&#8220;{}&#8220; title_text=&#8220;cropped-Saengerzunft_logo.png&#8220; sticky_enabled=&#8220;0&#8243;][\/et_pb_column][et_pb_column type=&#8220;1_2&#8243; _builder_version=&#8220;4.16&#8243; _module_preset=&#8220;default&#8220; custom_padding=&#8220;20px||20px||true|false&#8220; global_colors_info=&#8220;{}&#8220;][et_pb_text _builder_version=&#8220;4.23.1&#8243; _module_preset=&#8220;default&#8220; header_2_text_align=&#8220;left&#8220; locked=&#8220;off&#8220; global_colors_info=&#8220;{}&#8220;]<\/p>\n<h2><span style=\"color: #d5b981;\">S\u00e4ngerzunft Deisenhofen<\/span><\/h2>\n<p>[\/et_pb_text][et_pb_image src=&#8220;https:\/\/saengerzunft.de\/wp-content\/uploads\/2020\/11\/separator-01.svg&#8220; title_text=&#8220;separator-01&#8243; align_tablet=&#8220;center&#8220; align_phone=&#8220;center&#8220; align_last_edited=&#8220;on|phone&#8220; _builder_version=&#8220;4.23.1&#8243; _module_preset=&#8220;default&#8220; max_width=&#8220;70px&#8220; locked=&#8220;off&#8220; global_colors_info=&#8220;{}&#8220;][\/et_pb_image][et_pb_text _builder_version=&#8220;4.23.1&#8243; _module_preset=&#8220;default&#8220; text_font=&#8220;||||||||&#8220; locked=&#8220;off&#8220; global_colors_info=&#8220;{}&#8220;]<\/p>\n<p>Setzen Sie sich zu uns und lassen Sie sich auch anstecken von unserem Spa\u00df am Singen. Singen ist Ausdruck von Freude, von Gl\u00fcck, von Zufriedenheit.<\/p>\n<p>Mancher singt unter der Dusche, mancher beim Autofahren, ja selbst bei der Arbeit kann man Menschen singen h\u00f6ren. In einer Gemeinschaft zu Singen bedeutet, die Freude mit Gleichgesinnten zu teilen.<\/p>\n<p>Und aus eben diesem Grunde schlossen sich vor \u00fcber 120 Jahren einige Herren aus Deisenhofen zusammen und gr\u00fcndeten ein M\u00e4nnerquartett. Aus den anf\u00e4nglich vier Gr\u00fcndungsmitgliedern ist mittlerweile ein vierstimmiger M\u00e4nnerchor mit ca. 25 aktiven Sangesbr\u00fcdern gewachsen.<\/p>\n<p>[\/et_pb_text][\/et_pb_column][\/et_pb_row][\/et_pb_section][et_pb_section fb_built=&#8220;1&#8243; custom_padding_last_edited=&#8220;on|tablet&#8220; _builder_version=&#8220;4.16&#8243; _module_preset=&#8220;default&#8220; background_image=&#8220;https:\/\/saengerzunft.de\/wp-content\/uploads\/2020\/10\/white-paint-patterns.jpg&#8220; background_size=&#8220;initial&#8220; background_repeat=&#8220;repeat&#8220; custom_margin=&#8220;-10px||||false|false&#8220; custom_padding=&#8220;120px||120px||true|false&#8220; custom_padding_tablet=&#8220;80px||80px||true|false&#8220; custom_padding_phone=&#8220;&#8220; locked=&#8220;off&#8220; global_colors_info=&#8220;{}&#8220;][et_pb_row _builder_version=&#8220;4.16&#8243; _module_preset=&#8220;default&#8220; max_width=&#8220;800px&#8220; locked=&#8220;off&#8220; global_colors_info=&#8220;{}&#8220;][et_pb_column type=&#8220;4_4&#8243; _builder_version=&#8220;4.16&#8243; _module_preset=&#8220;default&#8220; global_colors_info=&#8220;{}&#8220;][et_pb_text _builder_version=&#8220;4.23.1&#8243; _module_preset=&#8220;default&#8220; header_2_text_align=&#8220;center&#8220; global_colors_info=&#8220;{}&#8220;]<\/p>\n<h2><span style=\"color: #d5b981;\">Das <\/span><span style=\"color: #c59d5f;\">Team<\/span><\/h2>\n<p>[\/et_pb_text][et_pb_image src=&#8220;https:\/\/saengerzunft.de\/wp-content\/uploads\/2020\/11\/separator-01.svg&#8220; title_text=&#8220;separator-01&#8243; align=&#8220;center&#8220; _builder_version=&#8220;4.16&#8243; _module_preset=&#8220;default&#8220; max_width=&#8220;70px&#8220; global_colors_info=&#8220;{}&#8220;][\/et_pb_image][\/et_pb_column][\/et_pb_row][et_pb_row column_structure=&#8220;1_3,1_3,1_3&#8243; use_custom_gutter=&#8220;on&#8220; gutter_width=&#8220;2&#8243; _builder_version=&#8220;4.16&#8243; _module_preset=&#8220;default&#8220; global_colors_info=&#8220;{}&#8220;][et_pb_column type=&#8220;1_3&#8243; _builder_version=&#8220;4.16&#8243; _module_preset=&#8220;default&#8220; global_colors_info=&#8220;{}&#8220;][dipi_image_accordion accordion_height=&#8220;420px&#8220; accordion_height_tablet=&#8220;740px&#8220; accordion_height_phone=&#8220;390px&#8220; accordion_height_last_edited=&#8220;on|tablet&#8220; _builder_version=&#8220;4.23.1&#8243; _module_preset=&#8220;default&#8220; global_colors_info=&#8220;{}&#8220;][dipi_image_accordion_child bg_img=&#8220;https:\/\/saengerzunft.de\/wp-content\/uploads\/2025\/04\/Hauptversammlung2025001-scaled.jpg&#8220; use_onload_active=&#8220;off&#8220; use_accordion_icon=&#8220;off&#8220; _builder_version=&#8220;4.23.1&#8243; _module_preset=&#8220;default&#8220; accordion_title_level=&#8220;h4&#8243; accordion_title_text_color=&#8220;#d5b981&#8243; accordion_title_font_size=&#8220;24px&#8220; accordion_desc_text_color=&#8220;#000000&#8243; custom_accordion_button=&#8220;on&#8220; accordion_button_text_size=&#8220;18px&#8220; accordion_button_font=&#8220;Bebas Neue||||||||&#8220; accordion_button_use_icon=&#8220;off&#8220; accordion_button_custom_padding=&#8220;8px|26px|8px|26px|true|true&#8220; custom_padding=&#8220;|30px||30px|false|true&#8220; global_colors_info=&#8220;{}&#8220; image_bg_color__hover_enabled=&#8220;on|hover&#8220; image_bg_color__hover=&#8220;&#8220; image_bg_enable_color__hover=&#8220;off&#8220; overlay_bg_color_gradient_type_tablet=&#8220;linear&#8220; overlay_bg_color_gradient_type_phone=&#8220;linear&#8220; overlay_bg_color_gradient_type__hover=&#8220;linear&#8220; image_bg_color_gradient_type__hover=&#8220;linear&#8220; background__hover_enabled=&#8220;on|desktop&#8220;][\/dipi_image_accordion_child][\/dipi_image_accordion][et_pb_text _builder_version=&#8220;4.23.1&#8243; _module_preset=&#8220;default&#8220; text_text_color=&#8220;#c59d5f&#8220; header_4_text_align=&#8220;center&#8220; header_4_font_size=&#8220;28px&#8220; header_4_line_height=&#8220;0.2em&#8220; text_orientation=&#8220;center&#8220; custom_padding=&#8220;20px||||false|false&#8220; locked=&#8220;off&#8220; global_colors_info=&#8220;{}&#8220;]<\/p>\n<h4>Magnus Schelle<\/h4>\n<p>1. Vorsitzender, 2. Tenor<\/p>\n<p style=\"color: #000;\">ist der Dreh- und Angelpunkt der S\u00e4ngerzunft. Ohne ihn und seinen dauernden Einsatz h\u00e4tte die S\u00e4ngerzunft Deisenhofen wie so viele M\u00e4nnergesangsvereine wohl schon schlie\u00dfen m\u00fcssen.<\/p>\n<p>[\/et_pb_text][\/et_pb_column][et_pb_column type=&#8220;1_3&#8243; _builder_version=&#8220;4.16&#8243; _module_preset=&#8220;default&#8220; global_colors_info=&#8220;{}&#8220;][dipi_image_accordion accordion_height=&#8220;420px&#8220; accordion_height_tablet=&#8220;740px&#8220; accordion_height_phone=&#8220;390px&#8220; accordion_height_last_edited=&#8220;on|tablet&#8220; _builder_version=&#8220;4.23.1&#8243; _module_preset=&#8220;default&#8220; locked=&#8220;off&#8220; global_colors_info=&#8220;{}&#8220;][dipi_image_accordion_child bg_img=&#8220;https:\/\/saengerzunft.de\/wp-content\/uploads\/2025\/04\/Hauptversammlung2025006-scaled.jpg&#8220; use_onload_active=&#8220;off&#8220; use_accordion_icon=&#8220;off&#8220; _builder_version=&#8220;4.23.1&#8243; _module_preset=&#8220;default&#8220; accordion_title_level=&#8220;h4&#8243; accordion_title_text_color=&#8220;#d5b981&#8243; accordion_title_font_size=&#8220;24px&#8220; accordion_desc_text_color=&#8220;#000000&#8243; custom_accordion_button=&#8220;on&#8220; accordion_button_text_size=&#8220;18px&#8220; accordion_button_font=&#8220;Bebas Neue||||||||&#8220; accordion_button_use_icon=&#8220;off&#8220; accordion_button_custom_padding=&#8220;8px|26px|8px|26px|true|true&#8220; custom_padding=&#8220;|30px||30px|false|true&#8220; global_colors_info=&#8220;{}&#8220; image_bg_color__hover_enabled=&#8220;on|hover&#8220; image_bg_color__hover=&#8220;&#8220; image_bg_enable_color__hover=&#8220;off&#8220; overlay_bg_color_gradient_type_tablet=&#8220;linear&#8220; overlay_bg_color_gradient_type_phone=&#8220;linear&#8220; overlay_bg_color_gradient_type__hover=&#8220;linear&#8220; image_bg_color_gradient_type__hover=&#8220;linear&#8220;][\/dipi_image_accordion_child][\/dipi_image_accordion][et_pb_text _builder_version=&#8220;4.23.1&#8243; _module_preset=&#8220;default&#8220; text_text_color=&#8220;#c59d5f&#8220; header_4_text_align=&#8220;center&#8220; header_4_font_size=&#8220;28px&#8220; header_4_line_height=&#8220;0.2em&#8220; text_orientation=&#8220;center&#8220; custom_padding=&#8220;20px||||false|false&#8220; locked=&#8220;off&#8220; global_colors_info=&#8220;{}&#8220;]<\/p>\n<h4>Holger Keilwerth<\/h4>\n<p>2. Vorstand, 2. Bass<\/p>\n<p style=\"color: #000;\">versucht zu helfen, wo er kann, ist aber bei einem so engagierten 1. Vorsitzenden meist zu langsam. Betreut die Homepage und versorgt die Zeitungen.<\/p>\n<p>[\/et_pb_text][\/et_pb_column][et_pb_column type=&#8220;1_3&#8243; _builder_version=&#8220;4.16&#8243; _module_preset=&#8220;default&#8220; global_colors_info=&#8220;{}&#8220;][dipi_image_accordion accordion_height=&#8220;420px&#8220; accordion_height_tablet=&#8220;740px&#8220; accordion_height_phone=&#8220;390px&#8220; accordion_height_last_edited=&#8220;on|tablet&#8220; active_image_relative_width_tablet=&#8220;&#8220; active_image_relative_width_phone=&#8220;&#8220; active_image_relative_width_last_edited=&#8220;on|phone&#8220; _builder_version=&#8220;4.23.1&#8243; _module_preset=&#8220;default&#8220; locked=&#8220;off&#8220; global_colors_info=&#8220;{}&#8220;][dipi_image_accordion_child bg_img=&#8220;https:\/\/saengerzunft.de\/wp-content\/uploads\/2025\/04\/Hauptversammlung2025004-scaled.jpg&#8220; use_onload_active=&#8220;off&#8220; use_accordion_icon=&#8220;off&#8220; _builder_version=&#8220;4.23.1&#8243; _module_preset=&#8220;default&#8220; accordion_title_level=&#8220;h4&#8243; accordion_title_text_color=&#8220;#d5b981&#8243; accordion_title_font_size=&#8220;24px&#8220; accordion_desc_text_color=&#8220;#000000&#8243; custom_accordion_button=&#8220;on&#8220; accordion_button_text_size=&#8220;18px&#8220; accordion_button_font=&#8220;Bebas Neue||||||||&#8220; accordion_button_use_icon=&#8220;off&#8220; accordion_button_custom_padding=&#8220;8px|26px|8px|26px|true|true&#8220; custom_padding=&#8220;|30px||30px|false|true&#8220; global_colors_info=&#8220;{}&#8220; image_bg_color__hover_enabled=&#8220;on|hover&#8220; image_bg_color__hover=&#8220;&#8220; image_bg_enable_color__hover=&#8220;off&#8220; overlay_bg_color_gradient_type_tablet=&#8220;linear&#8220; overlay_bg_color_gradient_type_phone=&#8220;linear&#8220; overlay_bg_color_gradient_type__hover=&#8220;linear&#8220; image_bg_color_gradient_type__hover=&#8220;linear&#8220;][\/dipi_image_accordion_child][\/dipi_image_accordion][et_pb_text _builder_version=&#8220;4.23.1&#8243; _module_preset=&#8220;default&#8220; text_text_color=&#8220;#c59d5f&#8220; header_4_text_align=&#8220;center&#8220; header_4_font_size=&#8220;28px&#8220; header_4_line_height=&#8220;0.2em&#8220; text_orientation=&#8220;center&#8220; custom_padding=&#8220;20px||||false|false&#8220; locked=&#8220;off&#8220; global_colors_info=&#8220;{}&#8220;]<\/p>\n<h4>Kurt Schromm<\/h4>\n<p>1. Schriftf\u00fchrer, 1. Tenor<\/p>\n<p style=\"color: #000;\">pflegt mit gro\u00dfer Genauigkeit die Historie der S\u00e4ngerzunft, k\u00fcmmert sich um Gema-Anmeldungen und mit gr\u00f6\u00dften Buchstaben die Information innerhalb der S\u00e4ngerzunft.<\/p>\n<p>[\/et_pb_text][\/et_pb_column][\/et_pb_row][et_pb_row column_structure=&#8220;1_3,1_3,1_3&#8243; use_custom_gutter=&#8220;on&#8220; gutter_width=&#8220;2&#8243; _builder_version=&#8220;4.16&#8243; _module_preset=&#8220;default&#8220; global_colors_info=&#8220;{}&#8220;][et_pb_column type=&#8220;1_3&#8243; _builder_version=&#8220;4.16&#8243; _module_preset=&#8220;default&#8220; global_colors_info=&#8220;{}&#8220;][dipi_image_accordion accordion_height=&#8220;420px&#8220; accordion_height_tablet=&#8220;740px&#8220; accordion_height_phone=&#8220;390px&#8220; accordion_height_last_edited=&#8220;on|tablet&#8220; _builder_version=&#8220;4.23.1&#8243; _module_preset=&#8220;default&#8220; global_colors_info=&#8220;{}&#8220;][dipi_image_accordion_child bg_img=&#8220;https:\/\/saengerzunft.de\/wp-content\/uploads\/2025\/04\/Hauptversammlung2025008-scaled.jpg&#8220; use_onload_active=&#8220;off&#8220; use_accordion_icon=&#8220;off&#8220; _builder_version=&#8220;4.23.1&#8243; _module_preset=&#8220;default&#8220; accordion_title_level=&#8220;h4&#8243; accordion_title_text_color=&#8220;#d5b981&#8243; accordion_title_font_size=&#8220;24px&#8220; accordion_desc_text_color=&#8220;#000000&#8243; custom_accordion_button=&#8220;on&#8220; accordion_button_text_size=&#8220;18px&#8220; accordion_button_font=&#8220;Bebas Neue||||||||&#8220; accordion_button_use_icon=&#8220;off&#8220; accordion_button_custom_padding=&#8220;8px|26px|8px|26px|true|true&#8220; custom_padding=&#8220;|30px||30px|false|true&#8220; global_colors_info=&#8220;{}&#8220; image_bg_color__hover_enabled=&#8220;on|hover&#8220; image_bg_color__hover=&#8220;&#8220; image_bg_enable_color__hover=&#8220;off&#8220; overlay_bg_color_gradient_type_tablet=&#8220;linear&#8220; overlay_bg_color_gradient_type_phone=&#8220;linear&#8220; overlay_bg_color_gradient_type__hover=&#8220;linear&#8220; image_bg_color_gradient_type__hover=&#8220;linear&#8220;][\/dipi_image_accordion_child][\/dipi_image_accordion][et_pb_text _builder_version=&#8220;4.23.1&#8243; _module_preset=&#8220;default&#8220; text_text_color=&#8220;#c59d5f&#8220; header_4_text_align=&#8220;center&#8220; header_4_font_size=&#8220;28px&#8220; header_4_line_height=&#8220;0.2em&#8220; text_orientation=&#8220;center&#8220; custom_padding=&#8220;20px||||false|false&#8220; locked=&#8220;off&#8220; global_colors_info=&#8220;{}&#8220;]<\/p>\n<h4>Carsten Winterfeldt<\/h4>\n<p>1. Kassier, 1. Tenor<\/p>\n<p style=\"color: #000;\">h\u00e4lt nicht nur stets vorbildlich Ton und Takt, sondern auch die Bilanzen in Ordnung. Erfreulicherweise gab es in seiner Zeit noch keine Sparpl\u00e4ne oder Budgetk\u00fcrzungen.<\/p>\n<p>[\/et_pb_text][\/et_pb_column][et_pb_column type=&#8220;1_3&#8243; _builder_version=&#8220;4.16&#8243; _module_preset=&#8220;default&#8220; global_colors_info=&#8220;{}&#8220;][dipi_image_accordion accordion_height=&#8220;420px&#8220; accordion_height_tablet=&#8220;740px&#8220; accordion_height_phone=&#8220;390px&#8220; accordion_height_last_edited=&#8220;on|phone&#8220; _builder_version=&#8220;4.23.1&#8243; _module_preset=&#8220;default&#8220; locked=&#8220;off&#8220; global_colors_info=&#8220;{}&#8220;][dipi_image_accordion_child bg_img=&#8220;https:\/\/saengerzunft.de\/wp-content\/uploads\/2025\/04\/Hauptversammlung2025002-scaled.jpg&#8220; use_onload_active=&#8220;off&#8220; use_accordion_icon=&#8220;off&#8220; _builder_version=&#8220;4.23.1&#8243; _module_preset=&#8220;default&#8220; accordion_title_level=&#8220;h4&#8243; accordion_title_text_color=&#8220;#d5b981&#8243; accordion_title_font_size=&#8220;24px&#8220; accordion_desc_text_color=&#8220;#000000&#8243; custom_accordion_button=&#8220;on&#8220; accordion_button_text_size=&#8220;18px&#8220; accordion_button_font=&#8220;Bebas Neue||||||||&#8220; accordion_button_use_icon=&#8220;off&#8220; accordion_button_custom_padding=&#8220;8px|26px|8px|26px|true|true&#8220; custom_padding=&#8220;|30px||30px|false|true&#8220; global_colors_info=&#8220;{}&#8220; image_bg_color__hover_enabled=&#8220;on|hover&#8220; image_bg_color__hover=&#8220;&#8220; image_bg_enable_color__hover=&#8220;off&#8220; overlay_bg_color_gradient_type_tablet=&#8220;linear&#8220; overlay_bg_color_gradient_type_phone=&#8220;linear&#8220; overlay_bg_color_gradient_type__hover=&#8220;linear&#8220; image_bg_color_gradient_type__hover=&#8220;linear&#8220;][\/dipi_image_accordion_child][\/dipi_image_accordion][et_pb_text _builder_version=&#8220;4.23.1&#8243; _module_preset=&#8220;default&#8220; text_text_color=&#8220;#c59d5f&#8220; header_4_text_align=&#8220;center&#8220; header_4_font_size=&#8220;28px&#8220; header_4_line_height=&#8220;0.2em&#8220; text_orientation=&#8220;center&#8220; custom_padding=&#8220;20px||||false|false&#8220; locked=&#8220;off&#8220; global_colors_info=&#8220;{}&#8220;]<\/p>\n<h4>Regina Schaefer<\/h4>\n<p>Dirigentin<\/p>\n<p style=\"color: #000;\">bringt die M\u00e4nner der S\u00e4ngerzunft mit Geduld, Einsatz und gro\u00dfer Hartn\u00e4ckigkeit dazu, Lieder so zu singen, wie sie es sich vorstellt. Das klingt dann sehr sch\u00f6n. Mit einem Studium in Klavier und Schulmusik und jahrelanger Erfahrung in verschiedenen Ch\u00f6ren als S\u00e4ngerin und Dirigentin verf\u00fcgt sie \u00fcber das n\u00f6tige R\u00fcstzeug, um den S\u00e4ngern Text, Takt und T\u00f6ne nachhaltig einzuverleiben.<\/p>\n<p>[\/et_pb_text][\/et_pb_column][et_pb_column type=&#8220;1_3&#8243; _builder_version=&#8220;4.16&#8243; _module_preset=&#8220;default&#8220; global_colors_info=&#8220;{}&#8220;][\/et_pb_column][\/et_pb_row][\/et_pb_section][et_pb_section fb_built=&#8220;1&#8243; _builder_version=&#8220;4.23.1&#8243; _module_preset=&#8220;default&#8220; background_image=&#8220;https:\/\/saengerzunft.de\/wp-content\/uploads\/2020\/10\/white-paint-patterns.jpg&#8220; background_size=&#8220;initial&#8220; background_repeat=&#8220;repeat&#8220; custom_padding=&#8220;120px||120px||true|false&#8220; locked=&#8220;off&#8220; global_colors_info=&#8220;{}&#8220;][et_pb_row column_structure=&#8220;1_2,1_2&#8243; make_equal=&#8220;on&#8220; _builder_version=&#8220;4.23.1&#8243; _module_preset=&#8220;default&#8220; global_colors_info=&#8220;{}&#8220;][et_pb_column type=&#8220;1_2&#8243; _builder_version=&#8220;4.23.1&#8243; _module_preset=&#8220;default&#8220; background_enable_image=&#8220;off&#8220; global_colors_info=&#8220;{}&#8220;][et_pb_text _builder_version=&#8220;4.23.1&#8243; _module_preset=&#8220;default&#8220; header_2_text_align=&#8220;left&#8220; locked=&#8220;off&#8220; global_colors_info=&#8220;{}&#8220;]<\/p>\n<h2><span style=\"color: #d5b981;\">Repertoire<\/span><\/h2>\n<p>[\/et_pb_text][et_pb_image src=&#8220;https:\/\/saengerzunft.de\/wp-content\/uploads\/2020\/11\/separator-01.svg&#8220; title_text=&#8220;separator-01&#8243; align_tablet=&#8220;center&#8220; align_phone=&#8220;center&#8220; align_last_edited=&#8220;on|phone&#8220; _builder_version=&#8220;4.23.1&#8243; _module_preset=&#8220;default&#8220; max_width=&#8220;70px&#8220; locked=&#8220;off&#8220; global_colors_info=&#8220;{}&#8220;][\/et_pb_image][et_pb_text _builder_version=&#8220;4.23.1&#8243; _module_preset=&#8220;default&#8220; text_font=&#8220;||||||||&#8220; locked=&#8220;off&#8220; global_colors_info=&#8220;{}&#8220;]<\/p>\n<p>Insgesamt hat das Liedarchiv derzeit ca. 260 Notens\u00e4tze, das seit Bestehen des M\u00e4nnerchores vor allem durch Stiftungen der aktiven S\u00e4nger erweitert wurde.<\/p>\n<p>Der Schwerpunkt liegt bei altem deutschem Liedgut, f\u00fchrt aber auch von klassischen \u00fcber volkst\u00fcmliche Weisen bis in das 20. Jahrhundert.<\/p>\n<p>Zudem enthalten die Notens\u00e4tze Singmessen bedeutender Komponisten, sowie alpenl\u00e4ndische Advents- und Weihnachtslieder.<\/p>\n<p>[\/et_pb_text][\/et_pb_column][et_pb_column type=&#8220;1_2&#8243; _builder_version=&#8220;4.16&#8243; _module_preset=&#8220;default&#8220; custom_padding=&#8220;20px||20px||true|false&#8220; global_colors_info=&#8220;{}&#8220;][et_pb_image src=&#8220;https:\/\/saengerzunft.de\/wp-content\/uploads\/2024\/03\/Saengerzunft-Herrenchor.jpg&#8220; title_text=&#8220;S\u00e4ngerzunft-Herrenchor&#8220; _builder_version=&#8220;4.23.1&#8243; _module_preset=&#8220;default&#8220; global_colors_info=&#8220;{}&#8220;][\/et_pb_image][\/et_pb_column][\/et_pb_row][\/et_pb_section]<\/p>\n","protected":false},"excerpt":{"rendered":"<p>S\u00e4ngerzunft DeisenhofenSetzen Sie sich zu uns und lassen Sie sich auch anstecken von unserem Spa\u00df am Singen. Singen ist Ausdruck von Freude, von Gl\u00fcck, von Zufriedenheit. Mancher singt unter der Dusche, mancher beim Autofahren, ja selbst bei der Arbeit kann man Menschen singen h\u00f6ren. In einer Gemeinschaft zu Singen bedeutet, die Freude mit Gleichgesinnten zu [&hellip;]<\/p>\n","protected":false},"author":1,"featured_media":0,"parent":0,"menu_order":0,"comment_status":"closed","ping_status":"closed","template":"","meta":{"_et_pb_use_builder":"on","_et_pb_old_content":"<!-- wp:divi\/placeholder \/-->","_et_gb_content_width":"","footnotes":""},"dipi_cpt_category":[],"class_list":["post-11","page","type-page","status-publish","hentry"],"_links":{"self":[{"href":"https:\/\/saengerzunft.de\/index.php?rest_route=\/wp\/v2\/pages\/11","targetHints":{"allow":["GET"]}}],"collection":[{"href":"https:\/\/saengerzunft.de\/index.php?rest_route=\/wp\/v2\/pages"}],"about":[{"href":"https:\/\/saengerzunft.de\/index.php?rest_route=\/wp\/v2\/types\/page"}],"author":[{"embeddable":true,"href":"https:\/\/saengerzunft.de\/index.php?rest_route=\/wp\/v2\/users\/1"}],"replies":[{"embeddable":true,"href":"https:\/\/saengerzunft.de\/index.php?rest_route=%2Fwp%2Fv2%2Fcomments&post=11"}],"version-history":[{"count":22,"href":"https:\/\/saengerzunft.de\/index.php?rest_route=\/wp\/v2\/pages\/11\/revisions"}],"predecessor-version":[{"id":1218,"href":"https:\/\/saengerzunft.de\/index.php?rest_route=\/wp\/v2\/pages\/11\/revisions\/1218"}],"wp:attachment":[{"href":"https:\/\/saengerzunft.de\/index.php?rest_route=%2Fwp%2Fv2%2Fmedia&parent=11"}],"wp:term":[{"taxonomy":"dipi_cpt_category","embeddable":true,"href":"https:\/\/saengerzunft.de\/index.php?rest_route=%2Fwp%2Fv2%2Fdipi_cpt_category&post=11"}],"curies":[{"name":"wp","href":"https:\/\/api.w.org\/{rel}","templated":true}]}}